{"id":30,"date":"2017-10-04T15:37:42","date_gmt":"2017-10-04T15:37:42","guid":{"rendered":"http:\/\/www.mercedesbarrutia.com\/?page_id=30"},"modified":"2023-05-16T10:34:50","modified_gmt":"2023-05-16T10:34:50","slug":"formacion-academica","status":"publish","type":"page","link":"https:\/\/www.mercedesbarrutia.com\/index.php\/formacion-academica\/","title":{"rendered":"Formaci\u00f3n acad\u00e9mica"},"content":{"rendered":"<p><strong>Doctorado:\u00a0<\/strong><\/p>\n<p><strong>2017 &#8211; 2021 PhD. Doctora en Periodismo por la Universidad de Sevilla.<\/strong> T\u00edtulo: <strong><a href=\"https:\/\/idus.us.es\/bitstream\/handle\/11441\/116620\/Barrutia%20Navarrete%2c%20Mercedes%20tesis.pdf?sequence=1&amp;isAllowed=y\"><em>Manual de Deontolog\u00eda Jur\u00eddica del Periodismo. Aproximaciones \u00c9ticas y Soluciones para una Nueva Narrativa Basadas en la Extranjer\u00eda<\/em>.<\/a><\/strong><\/p>\n<p><strong>2013 &#8211; 2017 PhD. Doctora en Ciencias Jur\u00eddicas por la Universidad de Granada. <\/strong>T\u00edtulo: <span style=\"color: #3366ff;\"><strong><a href=\"https:\/\/digibug.ugr.es\/handle\/10481\/48076\" target=\"_blank\" rel=\"noopener\"><em>Nacimiento y evoluci\u00f3n de la legislaci\u00f3n de extranjer\u00eda en la prensa espa\u00f1ola: La especializaci\u00f3n period\u00edstica como respuesta acad\u00e9mica a la comunicaci\u00f3n p\u00fablica y al derecho a la informaci\u00f3n.<\/em><\/a><\/strong><\/span><\/p>\n<hr \/>\n<p><strong>Posgrados:<\/strong><\/p>\n<p>2021- 2022 <strong>M\u00e1ster en Turismo y marketing digital.<\/strong> <a href=\"https:\/\/www.iebschool.com\/marketing\/marketing-digital\/\">IEBS Business School<\/a><\/p>\n<p>2011-2012 <strong>M\u00e1ster<\/strong>\u00a0<strong>en Estudios Migratorios, Desarrollo e Intervenci\u00f3n Social.\u00a0Especialidad migraciones.<em>\u00a0<\/em><\/strong>Universidad de Granada (m\u00e1ster oficial)<\/p>\n<p>2010-2011\u00a0<strong>M\u00e1ster en Direcci\u00f3n de Comunicaci\u00f3n y Protocolo<\/strong> &#8211; Universidad Internacional de La Rioja (t\u00edtulo propio)<\/p>\n<p>2010-2011 <strong>M\u00e1ster en Comunicaci\u00f3n Corporativa <\/strong>con menci\u00f3n en<strong> Gesti\u00f3n de Marcas<\/strong>&#8211; Instituto S\u00e9neca (t\u00edtulo propio)<\/p>\n<p>2009-2010\u00a0\u00a0<strong>M\u00e1ster de Periodismo y Comunicaci\u00f3n de la ciencia, la tecnolog\u00eda y el medio ambiente \u2013\u00a0<\/strong>Universidad Carlos III de Madrid<\/p>\n<hr \/>\n<p><strong>Grado:\u00a0<\/strong><\/p>\n<p><strong>2005-2009 <\/strong><strong>Grado\u00a0de Periodismo<\/strong><strong>\u00a0\u2013\u00a0<\/strong>University of Whales, Bachelor of Arts<\/p>\n<p><strong>2002-2005<\/strong>\u00a0\u00a0<strong>Estudios de la<\/strong>\u00a0<strong>licenciatura de Derecho \u2013 <\/strong>Universidad de Granada<\/p>\n<hr \/>\n<p><strong>Cursos de especializaci\u00f3n:<br \/>\n<\/strong><\/p>\n<p><strong>Agente de igualdad de g\u00e9nero<\/strong>\u00a0<strong>(400 horas)<\/strong>\u2013 Universidad Europea Miguel de Cervantes y Formaci\u00f3n Alcal\u00e1 (2021).<\/p>\n<p><strong>Dise\u00f1o gr\u00e1fico y visual<\/strong> (400 horas) &#8211; Deusto Formaci\u00f3n<\/p>\n<hr \/>\n<p><strong>Educaci\u00f3n b\u00e1sica, secundaria y bachillerato:\u00a0<\/strong><\/p>\n<p><strong>1989-2000<\/strong>\u00a0\u00a0\u00a0<strong>EGB y Bachillerato \u2013\u00a0<\/strong>Colegio La Salle- El Carmen (Melilla), Instituto Leopoldo Queipo (Melilla)<\/p>\n","protected":false},"excerpt":{"rendered":"<p>Doctorado:\u00a0 2017 &#8211; 2021 PhD. Doctora en Periodismo por la Universidad de Sevilla. T\u00edtulo: Manual de Deontolog\u00eda Jur\u00eddica del Periodismo. Aproximaciones \u00c9ticas y Soluciones para una Nueva Narrativa Basadas en la Extranjer\u00eda. 2013 &#8211; 2017 PhD. Doctora en Ciencias Jur\u00eddicas por la Universidad de Granada. T\u00edtulo: Nacimiento y evoluci\u00f3n de la legislaci\u00f3n de extranjer\u00eda en &#8230; <a title=\"Formaci\u00f3n acad\u00e9mica\" class=\"read-more\" href=\"https:\/\/www.mercedesbarrutia.com\/index.php\/formacion-academica\/\" aria-label=\"Leer m\u00e1s sobre Formaci\u00f3n acad\u00e9mica\">Leer m\u00e1s<\/a><\/p>\n","protected":false},"author":100010015,"featured_media":0,"parent":0,"menu_order":0,"comment_status":"closed","ping_status":"closed","template":"","meta":{"footnotes":""},"class_list":["post-30","page","type-page","status-publish"],"yoast_head":"<!-- This site is optimized with the Yoast SEO plugin v26.9 - https:\/\/yoast.com\/product\/yoast-seo-wordpress\/ -->\n<title>Formaci\u00f3n acad\u00e9mica - Mercedes Barrutia Navarrete<\/title>\n<meta name=\"description\" content=\"Mercedes Barrutia es Doctora en Ciencias Jur\u00eddicas por la Universidad de Granada y Doctora en Comunicaci\u00f3n por la Universidad de Sevilla\" \/>\n<meta name=\"robots\" content=\"index, follow, max-snippet:-1, max-image-preview:large, max-video-preview:-1\" \/>\n<link rel=\"canonical\" href=\"https:\/\/www.mercedesbarrutia.com\/index.php\/formacion-academica\/\" \/>\n<meta property=\"og:locale\" content=\"es_ES\" \/>\n<meta property=\"og:type\" content=\"article\" \/>\n<meta property=\"og:title\" content=\"Formaci\u00f3n acad\u00e9mica - Mercedes Barrutia Navarrete\" \/>\n<meta property=\"og:description\" content=\"Mercedes Barrutia es Doctora en Ciencias Jur\u00eddicas por la Universidad de Granada y Doctora en Comunicaci\u00f3n por la Universidad de Sevilla\" \/>\n<meta property=\"og:url\" content=\"https:\/\/www.mercedesbarrutia.com\/index.php\/formacion-academica\/\" \/>\n<meta property=\"og:site_name\" content=\"Mercedes Barrutia Navarrete\" \/>\n<meta property=\"article:modified_time\" content=\"2023-05-16T10:34:50+00:00\" \/>\n<meta name=\"twitter:card\" content=\"summary_large_image\" \/>\n<meta name=\"twitter:label1\" content=\"Tiempo de lectura\" \/>\n\t<meta name=\"twitter:data1\" content=\"1 minuto\" \/>\n<script type=\"application\/ld+json\" class=\"yoast-schema-graph\">{\"@context\":\"https:\/\/schema.org\",\"@graph\":[{\"@type\":\"WebPage\",\"@id\":\"https:\/\/www.mercedesbarrutia.com\/index.php\/formacion-academica\/\",\"url\":\"https:\/\/www.mercedesbarrutia.com\/index.php\/formacion-academica\/\",\"name\":\"Formaci\u00f3n acad\u00e9mica - Mercedes Barrutia Navarrete\",\"isPartOf\":{\"@id\":\"https:\/\/www.mercedesbarrutia.com\/#website\"},\"datePublished\":\"2017-10-04T15:37:42+00:00\",\"dateModified\":\"2023-05-16T10:34:50+00:00\",\"description\":\"Mercedes Barrutia es Doctora en Ciencias Jur\u00eddicas por la Universidad de Granada y Doctora en Comunicaci\u00f3n por la Universidad de Sevilla\",\"breadcrumb\":{\"@id\":\"https:\/\/www.mercedesbarrutia.com\/index.php\/formacion-academica\/#breadcrumb\"},\"inLanguage\":\"es\",\"potentialAction\":[{\"@type\":\"ReadAction\",\"target\":[\"https:\/\/www.mercedesbarrutia.com\/index.php\/formacion-academica\/\"]}]},{\"@type\":\"BreadcrumbList\",\"@id\":\"https:\/\/www.mercedesbarrutia.com\/index.php\/formacion-academica\/#breadcrumb\",\"itemListElement\":[{\"@type\":\"ListItem\",\"position\":1,\"name\":\"Portada\",\"item\":\"https:\/\/www.mercedesbarrutia.com\/\"},{\"@type\":\"ListItem\",\"position\":2,\"name\":\"Formaci\u00f3n acad\u00e9mica\"}]},{\"@type\":\"WebSite\",\"@id\":\"https:\/\/www.mercedesbarrutia.com\/#website\",\"url\":\"https:\/\/www.mercedesbarrutia.com\/\",\"name\":\"Mercedes Barrutia Navarrete\",\"description\":\"Comunicaci\u00f3n. Marketing. Formaci\u00f3n. Fotoperiodismo\",\"potentialAction\":[{\"@type\":\"SearchAction\",\"target\":{\"@type\":\"EntryPoint\",\"urlTemplate\":\"https:\/\/www.mercedesbarrutia.com\/?s={search_term_string}\"},\"query-input\":{\"@type\":\"PropertyValueSpecification\",\"valueRequired\":true,\"valueName\":\"search_term_string\"}}],\"inLanguage\":\"es\"}]}<\/script>\n<!-- \/ Yoast SEO plugin. -->","yoast_head_json":{"title":"Formaci\u00f3n acad\u00e9mica - Mercedes Barrutia Navarrete","description":"Mercedes Barrutia es Doctora en Ciencias Jur\u00eddicas por la Universidad de Granada y Doctora en Comunicaci\u00f3n por la Universidad de Sevilla","robots":{"index":"index","follow":"follow","max-snippet":"max-snippet:-1","max-image-preview":"max-image-preview:large","max-video-preview":"max-video-preview:-1"},"canonical":"https:\/\/www.mercedesbarrutia.com\/index.php\/formacion-academica\/","og_locale":"es_ES","og_type":"article","og_title":"Formaci\u00f3n acad\u00e9mica - Mercedes Barrutia Navarrete","og_description":"Mercedes Barrutia es Doctora en Ciencias Jur\u00eddicas por la Universidad de Granada y Doctora en Comunicaci\u00f3n por la Universidad de Sevilla","og_url":"https:\/\/www.mercedesbarrutia.com\/index.php\/formacion-academica\/","og_site_name":"Mercedes Barrutia Navarrete","article_modified_time":"2023-05-16T10:34:50+00:00","twitter_card":"summary_large_image","twitter_misc":{"Tiempo de lectura":"1 minuto"},"schema":{"@context":"https:\/\/schema.org","@graph":[{"@type":"WebPage","@id":"https:\/\/www.mercedesbarrutia.com\/index.php\/formacion-academica\/","url":"https:\/\/www.mercedesbarrutia.com\/index.php\/formacion-academica\/","name":"Formaci\u00f3n acad\u00e9mica - Mercedes Barrutia Navarrete","isPartOf":{"@id":"https:\/\/www.mercedesbarrutia.com\/#website"},"datePublished":"2017-10-04T15:37:42+00:00","dateModified":"2023-05-16T10:34:50+00:00","description":"Mercedes Barrutia es Doctora en Ciencias Jur\u00eddicas por la Universidad de Granada y Doctora en Comunicaci\u00f3n por la Universidad de Sevilla","breadcrumb":{"@id":"https:\/\/www.mercedesbarrutia.com\/index.php\/formacion-academica\/#breadcrumb"},"inLanguage":"es","potentialAction":[{"@type":"ReadAction","target":["https:\/\/www.mercedesbarrutia.com\/index.php\/formacion-academica\/"]}]},{"@type":"BreadcrumbList","@id":"https:\/\/www.mercedesbarrutia.com\/index.php\/formacion-academica\/#breadcrumb","itemListElement":[{"@type":"ListItem","position":1,"name":"Portada","item":"https:\/\/www.mercedesbarrutia.com\/"},{"@type":"ListItem","position":2,"name":"Formaci\u00f3n acad\u00e9mica"}]},{"@type":"WebSite","@id":"https:\/\/www.mercedesbarrutia.com\/#website","url":"https:\/\/www.mercedesbarrutia.com\/","name":"Mercedes Barrutia Navarrete","description":"Comunicaci\u00f3n. Marketing. Formaci\u00f3n. Fotoperiodismo","potentialAction":[{"@type":"SearchAction","target":{"@type":"EntryPoint","urlTemplate":"https:\/\/www.mercedesbarrutia.com\/?s={search_term_string}"},"query-input":{"@type":"PropertyValueSpecification","valueRequired":true,"valueName":"search_term_string"}}],"inLanguage":"es"}]}},"_links":{"self":[{"href":"https:\/\/www.mercedesbarrutia.com\/index.php\/wp-json\/wp\/v2\/pages\/30","targetHints":{"allow":["GET"]}}],"collection":[{"href":"https:\/\/www.mercedesbarrutia.com\/index.php\/wp-json\/wp\/v2\/pages"}],"about":[{"href":"https:\/\/www.mercedesbarrutia.com\/index.php\/wp-json\/wp\/v2\/types\/page"}],"author":[{"embeddable":true,"href":"https:\/\/www.mercedesbarrutia.com\/index.php\/wp-json\/wp\/v2\/users\/100010015"}],"replies":[{"embeddable":true,"href":"https:\/\/www.mercedesbarrutia.com\/index.php\/wp-json\/wp\/v2\/comments?post=30"}],"version-history":[{"count":19,"href":"https:\/\/www.mercedesbarrutia.com\/index.php\/wp-json\/wp\/v2\/pages\/30\/revisions"}],"predecessor-version":[{"id":462,"href":"https:\/\/www.mercedesbarrutia.com\/index.php\/wp-json\/wp\/v2\/pages\/30\/revisions\/462"}],"wp:attachment":[{"href":"https:\/\/www.mercedesbarrutia.com\/index.php\/wp-json\/wp\/v2\/media?parent=30"}],"curies":[{"name":"wp","href":"https:\/\/api.w.org\/{rel}","templated":true}]}}